{"id":276,"date":"2023-11-13T11:56:56","date_gmt":"2023-11-13T10:56:56","guid":{"rendered":"https:\/\/visionary-labs.eu\/?post_type=product&#038;p=276"},"modified":"2026-04-23T16:05:40","modified_gmt":"2026-04-23T14:05:40","slug":"parusen","status":"publish","type":"product","link":"https:\/\/visionary-labs.eu\/en\/product\/parusen\/","title":{"rendered":"Parusen 180"},"content":{"rendered":"<p>Parusen is a food supplement based on plants, algae, vitamins zinc, lysine and chromium. Parusen content includes desmodium, an herbaceous plant that is part of the Fabaceae, 25 species of which are used in traditional medicines throughout the world.<\/p>","protected":false},"excerpt":{"rendered":"<p>Parusen is a food supplement based on plants, algae, vitamins zinc, lysine and chromium. Parusen content includes desmodium, an herbaceous plant that is part of the Fabaceae, 25 species of which are used in traditional medicines throughout the world.<\/p>","protected":false},"featured_media":405,"template":"","meta":[],"product_brand":[],"product_cat":[28],"product_tag":[],"class_list":{"0":"post-276","1":"product","2":"type-product","3":"status-publish","4":"has-post-thumbnail","6":"product_cat-non-classe","8":"first","9":"instock","10":"taxable","11":"shipping-taxable","12":"purchasable","13":"product-type-simple"},"yoast_head":"<!-- This site is optimized with the Yoast SEO plugin v27.4 - https:\/\/yoast.com\/product\/yoast-seo-wordpress\/ -->\n<title>Parusen 180 - Visionary Labs - Parusen<\/title>\n<meta name=\"robots\" content=\"noindex, follow\" \/>\n<meta property=\"og:locale\" content=\"en_GB\" \/>\n<meta property=\"og:type\" content=\"article\" \/>\n<meta property=\"og:title\" content=\"Parusen 180 - Visionary Labs - Parusen\" \/>\n<meta property=\"og:description\" content=\"Parusen est un compl\u00e9ment alimentaire \u00e0 base de plantes, d\u2019algues, de vitamines de zinc, de lysine et de chrome. Parusen contient notamment du desmodium, une plante herbac\u00e9e faisant partie des Fabac\u00e9es dont 25 esp\u00e8ces sont utilis\u00e9es dans les m\u00e9decines traditionnelles \u00e0 travers le monde.\" \/>\n<meta property=\"og:url\" content=\"https:\/\/visionary-labs.eu\/en\/product\/parusen\/\" \/>\n<meta property=\"og:site_name\" content=\"Visionary Labs - Parusen\" \/>\n<meta property=\"article:modified_time\" content=\"2026-04-23T14:05:40+00:00\" \/>\n<meta property=\"og:image\" content=\"https:\/\/visionary-labs.eu\/wp-content\/uploads\/2024\/02\/trans-1.png\" \/>\n\t<meta property=\"og:image:width\" content=\"2000\" \/>\n\t<meta property=\"og:image:height\" content=\"2000\" \/>\n\t<meta property=\"og:image:type\" content=\"image\/png\" \/>\n<meta name=\"twitter:card\" content=\"summary_large_image\" \/>\n<meta name=\"twitter:label1\" content=\"Estimated reading time\" \/>\n\t<meta name=\"twitter:data1\" content=\"1 minute\" \/>\n<script type=\"application\/ld+json\" class=\"yoast-schema-graph\">{\"@context\":\"https:\\\/\\\/schema.org\",\"@graph\":[{\"@type\":\"WebPage\",\"@id\":\"https:\\\/\\\/visionary-labs.eu\\\/produit\\\/parusen\\\/\",\"url\":\"https:\\\/\\\/visionary-labs.eu\\\/produit\\\/parusen\\\/\",\"name\":\"Parusen 180 - Visionary Labs - Parusen\",\"isPartOf\":{\"@id\":\"https:\\\/\\\/visionary-labs.eu\\\/#website\"},\"primaryImageOfPage\":{\"@id\":\"https:\\\/\\\/visionary-labs.eu\\\/produit\\\/parusen\\\/#primaryimage\"},\"image\":{\"@id\":\"https:\\\/\\\/visionary-labs.eu\\\/produit\\\/parusen\\\/#primaryimage\"},\"thumbnailUrl\":\"https:\\\/\\\/visionary-labs.eu\\\/wp-content\\\/uploads\\\/2024\\\/02\\\/trans-1.png\",\"datePublished\":\"2023-11-13T10:56:56+00:00\",\"dateModified\":\"2026-04-23T14:05:40+00:00\",\"breadcrumb\":{\"@id\":\"https:\\\/\\\/visionary-labs.eu\\\/produit\\\/parusen\\\/#breadcrumb\"},\"inLanguage\":\"en-GB\",\"potentialAction\":[{\"@type\":\"ReadAction\",\"target\":[\"https:\\\/\\\/visionary-labs.eu\\\/produit\\\/parusen\\\/\"]}]},{\"@type\":\"ImageObject\",\"inLanguage\":\"en-GB\",\"@id\":\"https:\\\/\\\/visionary-labs.eu\\\/produit\\\/parusen\\\/#primaryimage\",\"url\":\"https:\\\/\\\/visionary-labs.eu\\\/wp-content\\\/uploads\\\/2024\\\/02\\\/trans-1.png\",\"contentUrl\":\"https:\\\/\\\/visionary-labs.eu\\\/wp-content\\\/uploads\\\/2024\\\/02\\\/trans-1.png\",\"width\":2000,\"height\":2000},{\"@type\":\"BreadcrumbList\",\"@id\":\"https:\\\/\\\/visionary-labs.eu\\\/produit\\\/parusen\\\/#breadcrumb\",\"itemListElement\":[{\"@type\":\"ListItem\",\"position\":1,\"name\":\"Accueil\",\"item\":\"https:\\\/\\\/visionary-labs.eu\\\/\"},{\"@type\":\"ListItem\",\"position\":2,\"name\":\"Boutique\",\"item\":\"https:\\\/\\\/visionary-labs.eu\\\/boutique\\\/\"},{\"@type\":\"ListItem\",\"position\":3,\"name\":\"Parusen 180\"}]},{\"@type\":\"WebSite\",\"@id\":\"https:\\\/\\\/visionary-labs.eu\\\/#website\",\"url\":\"https:\\\/\\\/visionary-labs.eu\\\/\",\"name\":\"Visionary Labs - Parusen\",\"description\":\"Compl\u00e9ment alimentaire \u00e0 base de plantes, d\u2019algues, de Vitamines &amp; de chrome\",\"publisher\":{\"@id\":\"https:\\\/\\\/visionary-labs.eu\\\/#organization\"},\"potentialAction\":[{\"@type\":\"SearchAction\",\"target\":{\"@type\":\"EntryPoint\",\"urlTemplate\":\"https:\\\/\\\/visionary-labs.eu\\\/?s={search_term_string}\"},\"query-input\":{\"@type\":\"PropertyValueSpecification\",\"valueRequired\":true,\"valueName\":\"search_term_string\"}}],\"inLanguage\":\"en-GB\"},{\"@type\":\"Organization\",\"@id\":\"https:\\\/\\\/visionary-labs.eu\\\/#organization\",\"name\":\"Visionary Labs - Parusen\",\"url\":\"https:\\\/\\\/visionary-labs.eu\\\/\",\"logo\":{\"@type\":\"ImageObject\",\"inLanguage\":\"en-GB\",\"@id\":\"https:\\\/\\\/visionary-labs.eu\\\/#\\\/schema\\\/logo\\\/image\\\/\",\"url\":\"https:\\\/\\\/visionary-labs.eu\\\/wp-content\\\/uploads\\\/2023\\\/09\\\/cropped-Groupe-60-1-1.png\",\"contentUrl\":\"https:\\\/\\\/visionary-labs.eu\\\/wp-content\\\/uploads\\\/2023\\\/09\\\/cropped-Groupe-60-1-1.png\",\"width\":734,\"height\":734,\"caption\":\"Visionary Labs - Parusen\"},\"image\":{\"@id\":\"https:\\\/\\\/visionary-labs.eu\\\/#\\\/schema\\\/logo\\\/image\\\/\"}}]}<\/script>\n<!-- \/ Yoast SEO plugin. -->","yoast_head_json":{"title":"Parusen 180 - Visionary Labs - Parusen","robots":{"index":"noindex","follow":"follow"},"og_locale":"en_GB","og_type":"article","og_title":"Parusen 180 - Visionary Labs - Parusen","og_description":"Parusen est un compl\u00e9ment alimentaire \u00e0 base de plantes, d\u2019algues, de vitamines de zinc, de lysine et de chrome. Parusen contient notamment du desmodium, une plante herbac\u00e9e faisant partie des Fabac\u00e9es dont 25 esp\u00e8ces sont utilis\u00e9es dans les m\u00e9decines traditionnelles \u00e0 travers le monde.","og_url":"https:\/\/visionary-labs.eu\/en\/product\/parusen\/","og_site_name":"Visionary Labs - Parusen","article_modified_time":"2026-04-23T14:05:40+00:00","og_image":[{"width":2000,"height":2000,"url":"https:\/\/visionary-labs.eu\/wp-content\/uploads\/2024\/02\/trans-1.png","type":"image\/png"}],"twitter_card":"summary_large_image","twitter_misc":{"Estimated reading time":"1 minute"},"schema":{"@context":"https:\/\/schema.org","@graph":[{"@type":"WebPage","@id":"https:\/\/visionary-labs.eu\/produit\/parusen\/","url":"https:\/\/visionary-labs.eu\/produit\/parusen\/","name":"Parusen 180 - Visionary Labs - Parusen","isPartOf":{"@id":"https:\/\/visionary-labs.eu\/#website"},"primaryImageOfPage":{"@id":"https:\/\/visionary-labs.eu\/produit\/parusen\/#primaryimage"},"image":{"@id":"https:\/\/visionary-labs.eu\/produit\/parusen\/#primaryimage"},"thumbnailUrl":"https:\/\/visionary-labs.eu\/wp-content\/uploads\/2024\/02\/trans-1.png","datePublished":"2023-11-13T10:56:56+00:00","dateModified":"2026-04-23T14:05:40+00:00","breadcrumb":{"@id":"https:\/\/visionary-labs.eu\/produit\/parusen\/#breadcrumb"},"inLanguage":"en-GB","potentialAction":[{"@type":"ReadAction","target":["https:\/\/visionary-labs.eu\/produit\/parusen\/"]}]},{"@type":"ImageObject","inLanguage":"en-GB","@id":"https:\/\/visionary-labs.eu\/produit\/parusen\/#primaryimage","url":"https:\/\/visionary-labs.eu\/wp-content\/uploads\/2024\/02\/trans-1.png","contentUrl":"https:\/\/visionary-labs.eu\/wp-content\/uploads\/2024\/02\/trans-1.png","width":2000,"height":2000},{"@type":"BreadcrumbList","@id":"https:\/\/visionary-labs.eu\/produit\/parusen\/#breadcrumb","itemListElement":[{"@type":"ListItem","position":1,"name":"Accueil","item":"https:\/\/visionary-labs.eu\/"},{"@type":"ListItem","position":2,"name":"Boutique","item":"https:\/\/visionary-labs.eu\/boutique\/"},{"@type":"ListItem","position":3,"name":"Parusen 180"}]},{"@type":"WebSite","@id":"https:\/\/visionary-labs.eu\/#website","url":"https:\/\/visionary-labs.eu\/","name":"Visionary Labs - Parusen","description":"Compl\u00e9ment alimentaire \u00e0 base de plantes, d\u2019algues, de Vitamines &amp; de chrome","publisher":{"@id":"https:\/\/visionary-labs.eu\/#organization"},"potentialAction":[{"@type":"SearchAction","target":{"@type":"EntryPoint","urlTemplate":"https:\/\/visionary-labs.eu\/?s={search_term_string}"},"query-input":{"@type":"PropertyValueSpecification","valueRequired":true,"valueName":"search_term_string"}}],"inLanguage":"en-GB"},{"@type":"Organization","@id":"https:\/\/visionary-labs.eu\/#organization","name":"Visionary Labs - Parusen","url":"https:\/\/visionary-labs.eu\/","logo":{"@type":"ImageObject","inLanguage":"en-GB","@id":"https:\/\/visionary-labs.eu\/#\/schema\/logo\/image\/","url":"https:\/\/visionary-labs.eu\/wp-content\/uploads\/2023\/09\/cropped-Groupe-60-1-1.png","contentUrl":"https:\/\/visionary-labs.eu\/wp-content\/uploads\/2023\/09\/cropped-Groupe-60-1-1.png","width":734,"height":734,"caption":"Visionary Labs - Parusen"},"image":{"@id":"https:\/\/visionary-labs.eu\/#\/schema\/logo\/image\/"}}]}},"_links":{"self":[{"href":"https:\/\/visionary-labs.eu\/en\/wp-json\/wp\/v2\/product\/276","targetHints":{"allow":["GET"]}}],"collection":[{"href":"https:\/\/visionary-labs.eu\/en\/wp-json\/wp\/v2\/product"}],"about":[{"href":"https:\/\/visionary-labs.eu\/en\/wp-json\/wp\/v2\/types\/product"}],"wp:featuredmedia":[{"embeddable":true,"href":"https:\/\/visionary-labs.eu\/en\/wp-json\/wp\/v2\/media\/405"}],"wp:attachment":[{"href":"https:\/\/visionary-labs.eu\/en\/wp-json\/wp\/v2\/media?parent=276"}],"wp:term":[{"taxonomy":"product_brand","embeddable":true,"href":"https:\/\/visionary-labs.eu\/en\/wp-json\/wp\/v2\/product_brand?post=276"},{"taxonomy":"product_cat","embeddable":true,"href":"https:\/\/visionary-labs.eu\/en\/wp-json\/wp\/v2\/product_cat?post=276"},{"taxonomy":"product_tag","embeddable":true,"href":"https:\/\/visionary-labs.eu\/en\/wp-json\/wp\/v2\/product_tag?post=276"}],"curies":[{"name":"wp","href":"https:\/\/api.w.org\/{rel}","templated":true}]}}